{"id":94,"date":"2025-12-17T10:41:24","date_gmt":"2025-12-17T10:41:24","guid":{"rendered":"https:\/\/botanikasacra.kts.eus\/?page_id=94"},"modified":"2025-12-29T08:22:42","modified_gmt":"2025-12-29T08:22:42","slug":"productos","status":"publish","type":"page","link":"https:\/\/botanikasacra.kts.eus\/?page_id=94","title":{"rendered":"Productos"},"content":{"rendered":"\n<div class=\"wp-block-columns is-layout-flex wp-container-core-columns-is-layout-28f84493 wp-block-columns-is-layout-flex\">\n<div class=\"wp-block-column is-layout-flow wp-block-column-is-layout-flow\">\n<p class=\"has-ast-global-color-2-color has-text-color has-link-color wp-elements-7f4097900db6684706cee8f50f081ff3\"><strong>HOGAR<\/strong><\/p>\n\n\n\n<figure class=\"wp-block-image size-full\"><a href=\"#HOGAR\"><img loading=\"lazy\" decoding=\"async\" width=\"536\" height=\"536\" src=\"https:\/\/botanikasacra.kts.eus\/wp-content\/uploads\/2025\/12\/53.jpeg\" alt=\"\" class=\"wp-image-79\" srcset=\"https:\/\/botanikasacra.kts.eus\/wp-content\/uploads\/2025\/12\/53.jpeg 536w, https:\/\/botanikasacra.kts.eus\/wp-content\/uploads\/2025\/12\/53-300x300.jpeg 300w, https:\/\/botanikasacra.kts.eus\/wp-content\/uploads\/2025\/12\/53-150x150.jpeg 150w\" sizes=\"auto, (max-width: 536px) 100vw, 536px\" \/><\/a><\/figure>\n<\/div>\n\n\n\n<div class=\"wp-block-column is-layout-flow wp-block-column-is-layout-flow\">\n<p class=\"has-ast-global-color-2-color has-text-color has-link-color wp-elements-70eacdd93da2cc7ac0171b4e2d614a83\"><strong>CUERPO<\/strong><\/p>\n\n\n\n<figure class=\"wp-block-image size-full\"><a href=\"#CUERPO\"><img loading=\"lazy\" decoding=\"async\" width=\"496\" height=\"496\" src=\"https:\/\/botanikasacra.kts.eus\/wp-content\/uploads\/2025\/12\/59-edited.jpeg\" alt=\"\" class=\"wp-image-112\" srcset=\"https:\/\/botanikasacra.kts.eus\/wp-content\/uploads\/2025\/12\/59-edited.jpeg 496w, https:\/\/botanikasacra.kts.eus\/wp-content\/uploads\/2025\/12\/59-edited-300x300.jpeg 300w, https:\/\/botanikasacra.kts.eus\/wp-content\/uploads\/2025\/12\/59-edited-150x150.jpeg 150w\" sizes=\"auto, (max-width: 496px) 100vw, 496px\" \/><\/a><\/figure>\n<\/div>\n\n\n\n<div class=\"wp-block-column is-layout-flow wp-block-column-is-layout-flow\">\n<p class=\"has-ast-global-color-2-color has-text-color has-link-color wp-elements-7a3d2a0e9d82c40d7b7e4884a552aa65\"><strong>BIENESTAR<\/strong><\/p>\n\n\n\n<figure class=\"wp-block-image size-full\"><a href=\"#BIENESTAR\"><img loading=\"lazy\" decoding=\"async\" width=\"736\" height=\"736\" src=\"https:\/\/botanikasacra.kts.eus\/wp-content\/uploads\/2025\/12\/Texture-Inspiration-edited.jpeg\" alt=\"\" class=\"wp-image-114\" srcset=\"https:\/\/botanikasacra.kts.eus\/wp-content\/uploads\/2025\/12\/Texture-Inspiration-edited.jpeg 736w, https:\/\/botanikasacra.kts.eus\/wp-content\/uploads\/2025\/12\/Texture-Inspiration-edited-300x300.jpeg 300w, https:\/\/botanikasacra.kts.eus\/wp-content\/uploads\/2025\/12\/Texture-Inspiration-edited-150x150.jpeg 150w\" sizes=\"auto, (max-width: 736px) 100vw, 736px\" \/><\/a><\/figure>\n<\/div>\n<\/div>\n\n\n\n<h2 class=\"wp-block-heading\" id=\"HOGAR\">HOGAR<\/h2>\n\n\n\n<div class=\"wp-block-columns is-layout-flex wp-container-core-columns-is-layout-28f84493 wp-block-columns-is-layout-flex\">\n<div class=\"wp-block-column is-layout-flow wp-block-column-is-layout-flow\">\n<figure class=\"wp-block-image size-large\"><img loading=\"lazy\" decoding=\"async\" width=\"1024\" height=\"768\" src=\"https:\/\/botanikasacra.kts.eus\/wp-content\/uploads\/2025\/12\/IMG_0160-2-edited-1024x768.jpg\" alt=\"\" class=\"wp-image-70\" srcset=\"https:\/\/botanikasacra.kts.eus\/wp-content\/uploads\/2025\/12\/IMG_0160-2-edited-1024x768.jpg 1024w, https:\/\/botanikasacra.kts.eus\/wp-content\/uploads\/2025\/12\/IMG_0160-2-edited-300x225.jpg 300w, https:\/\/botanikasacra.kts.eus\/wp-content\/uploads\/2025\/12\/IMG_0160-2-edited-768x576.jpg 768w, https:\/\/botanikasacra.kts.eus\/wp-content\/uploads\/2025\/12\/IMG_0160-2-edited-1536x1152.jpg 1536w, https:\/\/botanikasacra.kts.eus\/wp-content\/uploads\/2025\/12\/IMG_0160-2-edited-2048x1536.jpg 2048w\" sizes=\"auto, (max-width: 1024px) 100vw, 1024px\" \/><\/figure>\n\n\n\n<p class=\"has-ast-global-color-2-color has-text-color has-link-color wp-elements-ec04c956540ac0ec25b49fae0427ad79\"><strong>Velas arom\u00e1ticas<br><\/strong>Ceras naturales y mecha de algod\u00f3n; notas herbales limpias y c\u00e1lidas. Iluminan suave, acompa\u00f1an rituales cotidianos.<\/p>\n<\/div>\n\n\n\n<div class=\"wp-block-column is-layout-flow wp-block-column-is-layout-flow\">\n<figure class=\"wp-block-image size-large\"><img loading=\"lazy\" decoding=\"async\" width=\"1024\" height=\"768\" src=\"https:\/\/botanikasacra.kts.eus\/wp-content\/uploads\/2025\/12\/IMG_0196-2-1024x768.jpg\" alt=\"\" class=\"wp-image-69\" srcset=\"https:\/\/botanikasacra.kts.eus\/wp-content\/uploads\/2025\/12\/IMG_0196-2-1024x768.jpg 1024w, https:\/\/botanikasacra.kts.eus\/wp-content\/uploads\/2025\/12\/IMG_0196-2-300x225.jpg 300w, https:\/\/botanikasacra.kts.eus\/wp-content\/uploads\/2025\/12\/IMG_0196-2-768x576.jpg 768w, https:\/\/botanikasacra.kts.eus\/wp-content\/uploads\/2025\/12\/IMG_0196-2-1536x1152.jpg 1536w, https:\/\/botanikasacra.kts.eus\/wp-content\/uploads\/2025\/12\/IMG_0196-2-2048x1536.jpg 2048w\" sizes=\"auto, (max-width: 1024px) 100vw, 1024px\" \/><\/figure>\n\n\n\n<p class=\"has-ast-global-color-2-color has-text-color has-link-color wp-elements-ee5607c4bd8ed57ef7077189846dcee8\"><strong>Blends de aceite para difusi\u00f3n<br><\/strong>Puros, pensados para crear atm\u00f3sfera: claridad verde de salvia, calma de lavanda, calor de resinas. <\/p>\n\n\n\n<p class=\"has-ast-global-color-6-color has-text-color has-link-color wp-elements-45dfcbd28c782777dc9f18809f610993\" style=\"font-size:3px\"><\/p>\n<\/div>\n<\/div>\n\n\n\n<h2 class=\"wp-block-heading\" id=\"CUERPO\">CUERPO<\/h2>\n\n\n\n<div class=\"wp-block-columns is-layout-flex wp-container-core-columns-is-layout-28f84493 wp-block-columns-is-layout-flex\">\n<div class=\"wp-block-column is-layout-flow wp-block-column-is-layout-flow\">\n<figure class=\"wp-block-image size-large\"><img loading=\"lazy\" decoding=\"async\" width=\"768\" height=\"1024\" src=\"https:\/\/botanikasacra.kts.eus\/wp-content\/uploads\/2025\/12\/IMG_0179-768x1024.jpg\" alt=\"\" class=\"wp-image-66\" srcset=\"https:\/\/botanikasacra.kts.eus\/wp-content\/uploads\/2025\/12\/IMG_0179-768x1024.jpg 768w, https:\/\/botanikasacra.kts.eus\/wp-content\/uploads\/2025\/12\/IMG_0179-225x300.jpg 225w, https:\/\/botanikasacra.kts.eus\/wp-content\/uploads\/2025\/12\/IMG_0179-1152x1536.jpg 1152w, https:\/\/botanikasacra.kts.eus\/wp-content\/uploads\/2025\/12\/IMG_0179-1536x2048.jpg 1536w, https:\/\/botanikasacra.kts.eus\/wp-content\/uploads\/2025\/12\/IMG_0179-scaled.jpg 1920w\" sizes=\"auto, (max-width: 768px) 100vw, 768px\" \/><\/figure>\n\n\n\n<p class=\"has-ast-global-color-2-color has-text-color has-link-color wp-elements-ffca19458462fb7de7863a750260023d\"><strong>Jabones<\/strong><br>Saponificados en fr\u00edo, con macerados propios. Limpian sin resecar; espuma fina y aromas discretos.<\/p>\n<\/div>\n\n\n\n<div class=\"wp-block-column is-layout-flow wp-block-column-is-layout-flow\">\n<p class=\"has-ast-global-color-2-color has-text-color has-link-color wp-elements-1aa0f51a73f9779438e3b271ca260f9c\"><strong>Ung\u00fcentos<br><\/strong>Texturas bals\u00e1micas para sanar la piel; formulados con oleatos espag\u00edricos y ceras naturales.<\/p>\n<\/div>\n\n\n\n<div class=\"wp-block-column is-layout-flow wp-block-column-is-layout-flow\">\n<figure class=\"wp-block-image size-large\"><img loading=\"lazy\" decoding=\"async\" width=\"768\" height=\"1024\" src=\"https:\/\/botanikasacra.kts.eus\/wp-content\/uploads\/2025\/12\/IMG_0182-2-768x1024.jpg\" alt=\"\" class=\"wp-image-67\" srcset=\"https:\/\/botanikasacra.kts.eus\/wp-content\/uploads\/2025\/12\/IMG_0182-2-768x1024.jpg 768w, https:\/\/botanikasacra.kts.eus\/wp-content\/uploads\/2025\/12\/IMG_0182-2-225x300.jpg 225w, https:\/\/botanikasacra.kts.eus\/wp-content\/uploads\/2025\/12\/IMG_0182-2-1152x1536.jpg 1152w, https:\/\/botanikasacra.kts.eus\/wp-content\/uploads\/2025\/12\/IMG_0182-2-1536x2048.jpg 1536w, https:\/\/botanikasacra.kts.eus\/wp-content\/uploads\/2025\/12\/IMG_0182-2-scaled.jpg 1920w\" sizes=\"auto, (max-width: 768px) 100vw, 768px\" \/><\/figure>\n\n\n\n<p class=\"has-ast-global-color-2-color has-text-color has-link-color wp-elements-f4a705d5f2fbce7a06697e4b96281cea\"><strong>Aceites<\/strong><br>Cuerpo y rostro; absorci\u00f3n lenta y acci\u00f3n envolvente. Nutren la piel mientras perfuman sutilmente.<\/p>\n<\/div>\n<\/div>\n\n\n\n<h2 class=\"wp-block-heading\" id=\"BIENESTAR\">BIENESTAR<\/h2>\n\n\n\n<div class=\"wp-block-columns is-layout-flex wp-container-core-columns-is-layout-28f84493 wp-block-columns-is-layout-flex\">\n<div class=\"wp-block-column is-layout-flow wp-block-column-is-layout-flow\">\n<p class=\"has-ast-global-color-2-color has-text-color has-link-color wp-elements-4bc4e71e55539dbcc475c89b6f9dcacc\"><strong>Tinturas<br><\/strong>Extractos hidroalcoh\u00f3licos espag\u00edricos, claros y concentrados; cada lote expresa la planta y su estaci\u00f3n.<\/p>\n<\/div>\n\n\n\n<div class=\"wp-block-column is-layout-flow wp-block-column-is-layout-flow\">\n<p class=\"has-ast-global-color-2-color has-text-color has-link-color wp-elements-e7505d13df50eb7e253ae1716a383108\"><strong>Blends para infusi\u00f3n<br><\/strong>Selecci\u00f3n de hoja, flor y ra\u00edz: digestivas, calmantes, tonificantes\u2026seg\u00fan la sinergia bot\u00e1nica.<\/p>\n<\/div>\n<\/div>\n","protected":false},"excerpt":{"rendered":"<p>HOGAR CUERPO BIENESTAR HOGAR Velas arom\u00e1ticasCeras naturales y mecha de algod\u00f3n; notas herbales limpias y c\u00e1lidas. Iluminan suave, acompa\u00f1an rituales [&hellip;]<\/p>\n","protected":false},"author":1,"featured_media":0,"parent":0,"menu_order":0,"comment_status":"closed","ping_status":"closed","template":"","meta":{"site-sidebar-layout":"default","site-content-layout":"","ast-site-content-layout":"default","site-content-style":"default","site-sidebar-style":"default","ast-global-header-display":"","ast-banner-title-visibility":"","ast-main-header-display":"","ast-hfb-above-header-display":"","ast-hfb-below-header-display":"","ast-hfb-mobile-header-display":"","site-post-title":"","ast-breadcrumbs-content":"","ast-featured-img":"","footer-sml-layout":"","theme-transparent-header-meta":"","adv-header-id-meta":"","stick-header-meta":"","header-above-stick-meta":"","header-main-stick-meta":"","header-below-stick-meta":"","astra-migrate-meta-layouts":"default","ast-page-background-enabled":"default","ast-page-background-meta":{"desktop":{"background-color":"var(--ast-global-color-5)","background-image":"","background-repeat":"repeat","background-position":"center center","background-size":"auto","background-attachment":"scroll","background-type":"","background-media":"","overlay-type":"","overlay-color":"","overlay-opacity":"","overlay-gradient":""},"tablet":{"background-color":"","background-image":"","background-repeat":"repeat","background-position":"center center","background-size":"auto","background-attachment":"scroll","background-type":"","background-media":"","overlay-type":"","overlay-color":"","overlay-opacity":"","overlay-gradient":""},"mobile":{"background-color":"","background-image":"","background-repeat":"repeat","background-position":"center center","background-size":"auto","background-attachment":"scroll","background-type":"","background-media":"","overlay-type":"","overlay-color":"","overlay-opacity":"","overlay-gradient":""}},"ast-content-background-meta":{"desktop":{"background-color":"var(--ast-global-color-4)","background-image":"","background-repeat":"repeat","background-position":"center center","background-size":"auto","background-attachment":"scroll","background-type":"","background-media":"","overlay-type":"","overlay-color":"","overlay-opacity":"","overlay-gradient":""},"tablet":{"background-color":"var(--ast-global-color-4)","background-image":"","background-repeat":"repeat","background-position":"center center","background-size":"auto","background-attachment":"scroll","background-type":"","background-media":"","overlay-type":"","overlay-color":"","overlay-opacity":"","overlay-gradient":""},"mobile":{"background-color":"var(--ast-global-color-4)","background-image":"","background-repeat":"repeat","background-position":"center center","background-size":"auto","background-attachment":"scroll","background-type":"","background-media":"","overlay-type":"","overlay-color":"","overlay-opacity":"","overlay-gradient":""}},"footnotes":""},"class_list":["post-94","page","type-page","status-publish","hentry"],"_links":{"self":[{"href":"https:\/\/botanikasacra.kts.eus\/index.php?rest_route=\/wp\/v2\/pages\/94","targetHints":{"allow":["GET"]}}],"collection":[{"href":"https:\/\/botanikasacra.kts.eus\/index.php?rest_route=\/wp\/v2\/pages"}],"about":[{"href":"https:\/\/botanikasacra.kts.eus\/index.php?rest_route=\/wp\/v2\/types\/page"}],"author":[{"embeddable":true,"href":"https:\/\/botanikasacra.kts.eus\/index.php?rest_route=\/wp\/v2\/users\/1"}],"replies":[{"embeddable":true,"href":"https:\/\/botanikasacra.kts.eus\/index.php?rest_route=%2Fwp%2Fv2%2Fcomments&post=94"}],"version-history":[{"count":12,"href":"https:\/\/botanikasacra.kts.eus\/index.php?rest_route=\/wp\/v2\/pages\/94\/revisions"}],"predecessor-version":[{"id":133,"href":"https:\/\/botanikasacra.kts.eus\/index.php?rest_route=\/wp\/v2\/pages\/94\/revisions\/133"}],"wp:attachment":[{"href":"https:\/\/botanikasacra.kts.eus\/index.php?rest_route=%2Fwp%2Fv2%2Fmedia&parent=94"}],"curies":[{"name":"wp","href":"https:\/\/api.w.org\/{rel}","templated":true}]}}